{"id":5380,"date":"2024-09-23T12:26:32","date_gmt":"2024-09-23T10:26:32","guid":{"rendered":"https:\/\/atmoz.design\/?page_id=5380"},"modified":"2024-11-12T11:27:38","modified_gmt":"2024-11-12T10:27:38","slug":"contact","status":"publish","type":"page","link":"https:\/\/atmoz.design\/fr\/contact\/","title":{"rendered":"contact"},"content":{"rendered":"\t\t<div data-elementor-type=\"wp-page\" data-elementor-id=\"5380\" class=\"elementor elementor-5380\" data-elementor-post-type=\"page\">\n\t\t\t\t<div class=\"elementor-element elementor-element-0ea538c e-con-full e-flex e-con e-parent\" data-id=\"0ea538c\" data-element_type=\"container\" data-e-type=\"container\">\n\t\t<div class=\"elementor-element elementor-element-b8da992 e-con-full e-flex e-con e-child\" data-id=\"b8da992\" data-element_type=\"container\" data-e-type=\"container\" data-settings=\"{&quot;background_background&quot;:&quot;classic&quot;}\">\n\t\t<div class=\"elementor-element elementor-element-53485f0 e-con-full e-flex e-con e-child\" data-id=\"53485f0\" data-element_type=\"container\" data-e-type=\"container\">\n\t\t<div class=\"elementor-element elementor-element-f3a745f e-con-full e-flex e-con e-child\" data-id=\"f3a745f\" data-element_type=\"container\" data-e-type=\"container\">\n\t\t\t\t<div class=\"elementor-element elementor-element-26e36e9 elementor-view-default elementor-widget elementor-widget-icon\" data-id=\"26e36e9\" data-element_type=\"widget\" data-e-type=\"widget\" data-widget_type=\"icon.default\">\n\t\t\t\t<div class=\"elementor-widget-container\">\n\t\t\t\t\t\t\t<div class=\"elementor-icon-wrapper\">\n\t\t\t<a class=\"elementor-icon elementor-animation-shrink\" href=\"https:\/\/atmoz.design\/fr\">\n\t\t\t<i aria-hidden=\"true\" class=\"far fa-arrow-alt-circle-left\"><\/i>\t\t\t<\/a>\n\t\t<\/div>\n\t\t\t\t\t\t<\/div>\n\t\t\t\t<\/div>\n\t\t\t\t<div class=\"elementor-element elementor-element-af66108 elementor-widget elementor-widget-heading\" data-id=\"af66108\" data-element_type=\"widget\" data-e-type=\"widget\" data-widget_type=\"heading.default\">\n\t\t\t\t<div class=\"elementor-widget-container\">\n\t\t\t\t\t<h1 class=\"elementor-heading-title elementor-size-default\">FORMULAIRE DE CONTACT<\/h1>\t\t\t\t<\/div>\n\t\t\t\t<\/div>\n\t\t\t\t<\/div>\n\t\t\t\t<div class=\"elementor-element elementor-element-a75dea3 elementor-button-align-center form-contact elementor-widget elementor-widget-form\" data-id=\"a75dea3\" data-element_type=\"widget\" data-e-type=\"widget\" data-settings=\"{&quot;step_next_label&quot;:&quot;Next&quot;,&quot;step_previous_label&quot;:&quot;Previous&quot;,&quot;step_type&quot;:&quot;number_text&quot;,&quot;step_icon_shape&quot;:&quot;circle&quot;}\" data-widget_type=\"form.default\">\n\t\t\t\t<div class=\"elementor-widget-container\">\n\t\t\t\t\t\t\t<form class=\"elementor-form\" method=\"post\" name=\"Formulaire de contact\" aria-label=\"Formulaire de contact\">\r\n\t\t\t<input type=\"hidden\" name=\"post_id\" value=\"5380\"\/>\r\n\t\t\t<input type=\"hidden\" name=\"form_id\" value=\"a75dea3\"\/>\r\n\t\t\t<input type=\"hidden\" name=\"referer_title\" value=\"ATMOZ\" \/>\r\n\r\n\t\t\t\r\n\t\t\t<div class=\"elementor-form-fields-wrapper elementor-labels-above\">\r\n\t\t\t\t\t\t\t\t<div class=\"elementor-field-type-text elementor-field-group elementor-column elementor-field-group-name elementor-col-50 elementor-field-required elementor-mark-required\">\r\n\t\t\t\t\t\t\t\t\t\t\t\t<label for=\"form-field-name\" class=\"elementor-field-label\">\r\n\t\t\t\t\t\t\t\tNom\t\t\t\t\t\t\t<\/label>\r\n\t\t\t\t\t\t\t\t\t\t\t\t\t\t<input size=\"1\" type=\"text\" name=\"form_fields[name]\" id=\"form-field-name\" class=\"elementor-field elementor-size-sm  elementor-field-textual\" placeholder=\"Nom\" required=\"required\">\r\n\t\t\t\t\t\t\t\t\t\t\t<\/div>\r\n\t\t\t\t\t\t\t\t<div class=\"elementor-field-type-text elementor-field-group elementor-column elementor-field-group-field_e5ce832 elementor-col-50 elementor-field-required elementor-mark-required\">\r\n\t\t\t\t\t\t\t\t\t\t\t\t<label for=\"form-field-field_e5ce832\" class=\"elementor-field-label\">\r\n\t\t\t\t\t\t\t\tEntreprise\t\t\t\t\t\t\t<\/label>\r\n\t\t\t\t\t\t\t\t\t\t\t\t\t\t<input size=\"1\" type=\"text\" name=\"form_fields[field_e5ce832]\" id=\"form-field-field_e5ce832\" class=\"elementor-field elementor-size-sm  elementor-field-textual\" placeholder=\"Nom de l&#039;entreprise\" required=\"required\">\r\n\t\t\t\t\t\t\t\t\t\t\t<\/div>\r\n\t\t\t\t\t\t\t\t<div class=\"elementor-field-type-email elementor-field-group elementor-column elementor-field-group-email elementor-col-100 elementor-field-required elementor-mark-required\">\r\n\t\t\t\t\t\t\t\t\t\t\t\t<label for=\"form-field-email\" class=\"elementor-field-label\">\r\n\t\t\t\t\t\t\t\tEmail\t\t\t\t\t\t\t<\/label>\r\n\t\t\t\t\t\t\t\t\t\t\t\t\t\t<input size=\"1\" type=\"email\" name=\"form_fields[email]\" id=\"form-field-email\" class=\"elementor-field elementor-size-sm  elementor-field-textual\" placeholder=\"Email\" required=\"required\">\r\n\t\t\t\t\t\t\t\t\t\t\t<\/div>\r\n\t\t\t\t\t\t\t\t<div class=\"elementor-field-type-tel elementor-field-group elementor-column elementor-field-group-field_3417582 elementor-col-100 elementor-field-required elementor-mark-required\">\r\n\t\t\t\t\t\t\t\t\t\t\t\t<label for=\"form-field-field_3417582\" class=\"elementor-field-label\">\r\n\t\t\t\t\t\t\t\tT\u00e9l\u00e9phone\t\t\t\t\t\t\t<\/label>\r\n\t\t\t\t\t\t\t\t<input size=\"1\" type=\"tel\" name=\"form_fields[field_3417582]\" id=\"form-field-field_3417582\" class=\"elementor-field elementor-size-sm  elementor-field-textual\" placeholder=\"N\u00b0\" required=\"required\" pattern=\"[0-9()#&amp;+*-=.]+\" title=\"Only numbers and phone characters (#, -, *, etc) are accepted.\">\r\n\r\n\t\t\t\t\t\t<\/div>\r\n\t\t\t\t\t\t\t\t<div class=\"elementor-field-type-textarea elementor-field-group elementor-column elementor-field-group-message elementor-col-100 elementor-field-required elementor-mark-required\">\r\n\t\t\t\t\t\t\t\t\t\t\t\t<label for=\"form-field-message\" class=\"elementor-field-label\">\r\n\t\t\t\t\t\t\t\tMessage\t\t\t\t\t\t\t<\/label>\r\n\t\t\t\t\t\t<textarea class=\"elementor-field-textual elementor-field  elementor-size-sm\" name=\"form_fields[message]\" id=\"form-field-message\" rows=\"4\" placeholder=\"Message\" required=\"required\"><\/textarea>\t\t\t\t<\/div>\r\n\t\t\t\t\t\t\t\t<div class=\"elementor-field-type-upload elementor-field-group elementor-column elementor-field-group-field_e0bb2f0 elementor-col-100\">\r\n\t\t\t\t\t\t\t\t\t\t\t\t<label for=\"form-field-field_e0bb2f0\" class=\"elementor-field-label\">\r\n\t\t\t\t\t\t\t\tPartager un fichier\t\t\t\t\t\t\t<\/label>\r\n\t\t\t\t\t\t\t\t<input type=\"file\" name=\"form_fields[field_e0bb2f0]\" id=\"form-field-field_e0bb2f0\" class=\"elementor-field elementor-size-sm  elementor-upload-field\" data-maxsize=\"12\" data-maxsize-message=\"This file exceeds the maximum allowed size.\">\r\n\r\n\t\t\t\t\t\t<\/div>\r\n\t\t\t\t\t\t\t\t<div class=\"elementor-field-type-recaptcha_v3 elementor-field-group elementor-column elementor-field-group-field_3e21c04 elementor-col-100 recaptcha_v3-bottomright\">\r\n\t\t\t\t\t<div class=\"elementor-field\" id=\"form-field-field_3e21c04\"><div class=\"elementor-g-recaptcha\" data-sitekey=\"6Lf6cuAoAAAAALWMWApGn29BBCpUz35FPE6LlLdj\" data-type=\"v3\" data-action=\"Form\" data-badge=\"bottomright\" data-size=\"invisible\"><\/div><\/div>\t\t\t\t<\/div>\r\n\t\t\t\t\t\t\t\t<div class=\"elementor-field-group elementor-column elementor-field-type-submit elementor-col-100 e-form__buttons\">\r\n\t\t\t\t\t<button class=\"elementor-button elementor-size-sm\" type=\"submit\">\r\n\t\t\t\t\t\t<span class=\"elementor-button-content-wrapper\">\r\n\t\t\t\t\t\t\t\t\t\t\t\t\t\t\t\t\t\t\t\t\t\t<span class=\"elementor-button-text\">Envoyer<\/span>\r\n\t\t\t\t\t\t\t\t\t\t\t\t\t<\/span>\r\n\t\t\t\t\t<\/button>\r\n\t\t\t\t<\/div>\r\n\t\t\t<\/div>\r\n\t\t<\/form>\r\n\t\t\t\t\t\t<\/div>\n\t\t\t\t<\/div>\n\t\t\t\t<\/div>\n\t\t<div class=\"elementor-element elementor-element-6b5dbbc e-con-full contact-image elementor-hidden-tablet elementor-hidden-mobile elementor-hidden-mobile_extra e-flex e-con e-child\" data-id=\"6b5dbbc\" data-element_type=\"container\" data-e-type=\"container\" data-settings=\"{&quot;background_background&quot;:&quot;classic&quot;}\">\n\t\t<div class=\"elementor-element elementor-element-962acaf e-con-full e-flex e-con e-child\" data-id=\"962acaf\" data-element_type=\"container\" data-e-type=\"container\">\n\t\t\t\t<div class=\"elementor-element elementor-element-bf685d1 elementor-widget elementor-widget-heading\" data-id=\"bf685d1\" data-element_type=\"widget\" data-e-type=\"widget\" data-widget_type=\"heading.default\">\n\t\t\t\t<div class=\"elementor-widget-container\">\n\t\t\t\t\t<h3 class=\"elementor-heading-title elementor-size-default\">Pourquoi travailler avec nous? <\/h3>\t\t\t\t<\/div>\n\t\t\t\t<\/div>\n\t\t\t\t<div class=\"elementor-element elementor-element-66893ab elementor-widget elementor-widget-text-editor\" data-id=\"66893ab\" data-element_type=\"widget\" data-e-type=\"widget\" data-widget_type=\"text-editor.default\">\n\t\t\t\t<div class=\"elementor-widget-container\">\n\t\t\t\t\t\t\t\t\t<p>Vous souhaitez concevoir un produit plus rapidement et avec moins de risques<\/p>\t\t\t\t\t\t\t\t<\/div>\n\t\t\t\t<\/div>\n\t\t\t\t<div class=\"elementor-element elementor-element-627a520 elementor-widget elementor-widget-text-editor\" data-id=\"627a520\" data-element_type=\"widget\" data-e-type=\"widget\" data-widget_type=\"text-editor.default\">\n\t\t\t\t<div class=\"elementor-widget-container\">\n\t\t\t\t\t\t\t\t\t<p>Vous souhaitez acc\u00e9der \u00e0 des connaissances que vous n&rsquo;avez pas au sein de votre entreprise \/ \u00e9quipe<\/p>\t\t\t\t\t\t\t\t<\/div>\n\t\t\t\t<\/div>\n\t\t\t\t<div class=\"elementor-element elementor-element-3fe1082 elementor-widget elementor-widget-text-editor\" data-id=\"3fe1082\" data-element_type=\"widget\" data-e-type=\"widget\" data-widget_type=\"text-editor.default\">\n\t\t\t\t<div class=\"elementor-widget-container\">\n\t\t\t\t\t\t\t\t\t<p>Vous vous reconnaissez dans nos valeurs et souhaitez acc\u00e9l\u00e9rer vos d\u00e9marches RSE<\/p>\t\t\t\t\t\t\t\t<\/div>\n\t\t\t\t<\/div>\n\t\t\t\t<div class=\"elementor-element elementor-element-224e464 elementor-widget elementor-widget-text-editor\" data-id=\"224e464\" data-element_type=\"widget\" data-e-type=\"widget\" data-widget_type=\"text-editor.default\">\n\t\t\t\t<div class=\"elementor-widget-container\">\n\t\t\t\t\t\t\t\t\t<p>Vous avez besoin d&rsquo;un d\u00e9veloppeur de produits de confiance pour r\u00e9ussir votre projet<\/p>\t\t\t\t\t\t\t\t<\/div>\n\t\t\t\t<\/div>\n\t\t\t\t<\/div>\n\t\t<div class=\"elementor-element elementor-element-7298d29 e-con-full e-flex e-con e-child\" data-id=\"7298d29\" data-element_type=\"container\" data-e-type=\"container\">\n\t\t\t\t<div class=\"elementor-element elementor-element-eae7baa elementor-widget elementor-widget-image\" data-id=\"eae7baa\" data-element_type=\"widget\" data-e-type=\"widget\" data-widget_type=\"image.default\">\n\t\t\t\t<div class=\"elementor-widget-container\">\n\t\t\t\t\t\t\t\t\t\t\t\t\t\t\t<img fetchpriority=\"high\" decoding=\"async\" width=\"800\" height=\"800\" src=\"https:\/\/atmoz.design\/wp-content\/uploads\/2024\/09\/Logo@2x.png\" class=\"attachment-large size-large wp-image-6342\" alt=\"\" srcset=\"https:\/\/atmoz.design\/wp-content\/uploads\/2024\/09\/Logo@2x.png 928w, https:\/\/atmoz.design\/wp-content\/uploads\/2024\/09\/Logo@2x-300x300.png 300w, https:\/\/atmoz.design\/wp-content\/uploads\/2024\/09\/Logo@2x-150x150.png 150w, https:\/\/atmoz.design\/wp-content\/uploads\/2024\/09\/Logo@2x-768x768.png 768w, https:\/\/atmoz.design\/wp-content\/uploads\/2024\/09\/Logo@2x-12x12.png 12w\" sizes=\"(max-width: 800px) 100vw, 800px\" \/>\t\t\t\t\t\t\t\t\t\t\t\t\t\t\t<\/div>\n\t\t\t\t<\/div>\n\t\t\t\t<\/div>\n\t\t\t\t<\/div>\n\t\t\t\t<\/div>\n\t\t\t\t<\/div>\n\t\t\t\t<\/div>\n\t\t","protected":false},"excerpt":{"rendered":"<p>FORMULAIRE DE CONTACT Pourquoi travailler avec nous? Vous souhaitez concevoir un produit plus rapidement et avec moins de risques Vous souhaitez acc\u00e9der \u00e0 des connaissances que vous n&rsquo;avez pas au sein de votre entreprise \/ \u00e9quipe Vous vous reconnaissez dans nos valeurs et souhaitez acc\u00e9l\u00e9rer vos d\u00e9marches RSE Vous avez besoin d&rsquo;un d\u00e9veloppeur de produits [&hellip;]<\/p>\n","protected":false},"author":1,"featured_media":5614,"parent":0,"menu_order":0,"comment_status":"closed","ping_status":"closed","template":"elementor_canvas","meta":{"footnotes":""},"class_list":["post-5380","page","type-page","status-publish","has-post-thumbnail","hentry"],"yoast_head":"<!-- This site is optimized with the Yoast SEO plugin v27.3 - https:\/\/yoast.com\/product\/yoast-seo-wordpress\/ -->\n<title>contact | ATMOZ<\/title>\n<meta name=\"robots\" content=\"index, follow, max-snippet:-1, max-image-preview:large, max-video-preview:-1\" \/>\n<link rel=\"canonical\" href=\"https:\/\/atmoz.design\/fr\/contact\/\" \/>\n<meta property=\"og:locale\" content=\"fr_FR\" \/>\n<meta property=\"og:type\" content=\"article\" \/>\n<meta property=\"og:title\" content=\"contact | ATMOZ\" \/>\n<meta property=\"og:description\" content=\"FORMULAIRE DE CONTACT Pourquoi travailler avec nous? Vous souhaitez concevoir un produit plus rapidement et avec moins de risques Vous souhaitez acc\u00e9der \u00e0 des connaissances que vous n&rsquo;avez pas au sein de votre entreprise \/ \u00e9quipe Vous vous reconnaissez dans nos valeurs et souhaitez acc\u00e9l\u00e9rer vos d\u00e9marches RSE Vous avez besoin d&rsquo;un d\u00e9veloppeur de produits [&hellip;]\" \/>\n<meta property=\"og:url\" content=\"https:\/\/atmoz.design\/fr\/contact\/\" \/>\n<meta property=\"og:site_name\" content=\"ATMOZ\" \/>\n<meta property=\"article:modified_time\" content=\"2024-11-12T10:27:38+00:00\" \/>\n<meta property=\"og:image\" content=\"https:\/\/atmoz.design\/wp-content\/uploads\/2024\/09\/Mission.webp\" \/>\n\t<meta property=\"og:image:width\" content=\"697\" \/>\n\t<meta property=\"og:image:height\" content=\"524\" \/>\n\t<meta property=\"og:image:type\" content=\"image\/webp\" \/>\n<meta name=\"twitter:card\" content=\"summary_large_image\" \/>\n<meta name=\"twitter:label1\" content=\"Dur\u00e9e de lecture estim\u00e9e\" \/>\n\t<meta name=\"twitter:data1\" content=\"1 minute\" \/>\n<script type=\"application\/ld+json\" class=\"yoast-schema-graph\">{\"@context\":\"https:\\\/\\\/schema.org\",\"@graph\":[{\"@type\":\"WebPage\",\"@id\":\"https:\\\/\\\/atmoz.design\\\/contact\\\/\",\"url\":\"https:\\\/\\\/atmoz.design\\\/contact\\\/\",\"name\":\"contact | ATMOZ\",\"isPartOf\":{\"@id\":\"https:\\\/\\\/atmoz.design\\\/fr\\\/#website\"},\"primaryImageOfPage\":{\"@id\":\"https:\\\/\\\/atmoz.design\\\/contact\\\/#primaryimage\"},\"image\":{\"@id\":\"https:\\\/\\\/atmoz.design\\\/contact\\\/#primaryimage\"},\"thumbnailUrl\":\"https:\\\/\\\/atmoz.design\\\/wp-content\\\/uploads\\\/2024\\\/09\\\/Mission.webp\",\"datePublished\":\"2024-09-23T10:26:32+00:00\",\"dateModified\":\"2024-11-12T10:27:38+00:00\",\"breadcrumb\":{\"@id\":\"https:\\\/\\\/atmoz.design\\\/contact\\\/#breadcrumb\"},\"inLanguage\":\"fr-FR\",\"potentialAction\":[{\"@type\":\"ReadAction\",\"target\":[\"https:\\\/\\\/atmoz.design\\\/contact\\\/\"]}]},{\"@type\":\"ImageObject\",\"inLanguage\":\"fr-FR\",\"@id\":\"https:\\\/\\\/atmoz.design\\\/contact\\\/#primaryimage\",\"url\":\"https:\\\/\\\/atmoz.design\\\/wp-content\\\/uploads\\\/2024\\\/09\\\/Mission.webp\",\"contentUrl\":\"https:\\\/\\\/atmoz.design\\\/wp-content\\\/uploads\\\/2024\\\/09\\\/Mission.webp\",\"width\":697,\"height\":524},{\"@type\":\"BreadcrumbList\",\"@id\":\"https:\\\/\\\/atmoz.design\\\/contact\\\/#breadcrumb\",\"itemListElement\":[{\"@type\":\"ListItem\",\"position\":1,\"name\":\"Accueil\",\"item\":\"https:\\\/\\\/atmoz.design\\\/\"},{\"@type\":\"ListItem\",\"position\":2,\"name\":\"contact\"}]},{\"@type\":\"WebSite\",\"@id\":\"https:\\\/\\\/atmoz.design\\\/fr\\\/#website\",\"url\":\"https:\\\/\\\/atmoz.design\\\/fr\\\/\",\"name\":\"ATMOZ Oxygen Design\",\"description\":\"AtmOz Oxygen Design - Developpement Produit, Design &amp; Ing\u00e9nierie\",\"publisher\":{\"@id\":\"https:\\\/\\\/atmoz.design\\\/fr\\\/#organization\"},\"potentialAction\":[{\"@type\":\"SearchAction\",\"target\":{\"@type\":\"EntryPoint\",\"urlTemplate\":\"https:\\\/\\\/atmoz.design\\\/fr\\\/?s={search_term_string}\"},\"query-input\":{\"@type\":\"PropertyValueSpecification\",\"valueRequired\":true,\"valueName\":\"search_term_string\"}}],\"inLanguage\":\"fr-FR\"},{\"@type\":\"Organization\",\"@id\":\"https:\\\/\\\/atmoz.design\\\/fr\\\/#organization\",\"name\":\"AtmOz Oxygen Design\",\"alternateName\":\"AtmOz\",\"url\":\"https:\\\/\\\/atmoz.design\\\/fr\\\/\",\"logo\":{\"@type\":\"ImageObject\",\"inLanguage\":\"fr-FR\",\"@id\":\"https:\\\/\\\/atmoz.design\\\/fr\\\/#\\\/schema\\\/logo\\\/image\\\/\",\"url\":\"https:\\\/\\\/atmoz.design\\\/wp-content\\\/uploads\\\/2024\\\/09\\\/Logo@2x.png\",\"contentUrl\":\"https:\\\/\\\/atmoz.design\\\/wp-content\\\/uploads\\\/2024\\\/09\\\/Logo@2x.png\",\"width\":928,\"height\":928,\"caption\":\"AtmOz Oxygen Design\"},\"image\":{\"@id\":\"https:\\\/\\\/atmoz.design\\\/fr\\\/#\\\/schema\\\/logo\\\/image\\\/\"},\"sameAs\":[\"https:\\\/\\\/www.linkedin.com\\\/company\\\/atmoz-oxygen-design\\\/\",\"https:\\\/\\\/www.instagram.com\\\/atmoz.design\\\/\"]}]}<\/script>\n<!-- \/ Yoast SEO plugin. -->","yoast_head_json":{"title":"contact | ATMOZ","robots":{"index":"index","follow":"follow","max-snippet":"max-snippet:-1","max-image-preview":"max-image-preview:large","max-video-preview":"max-video-preview:-1"},"canonical":"https:\/\/atmoz.design\/fr\/contact\/","og_locale":"fr_FR","og_type":"article","og_title":"contact | ATMOZ","og_description":"FORMULAIRE DE CONTACT Pourquoi travailler avec nous? Vous souhaitez concevoir un produit plus rapidement et avec moins de risques Vous souhaitez acc\u00e9der \u00e0 des connaissances que vous n&rsquo;avez pas au sein de votre entreprise \/ \u00e9quipe Vous vous reconnaissez dans nos valeurs et souhaitez acc\u00e9l\u00e9rer vos d\u00e9marches RSE Vous avez besoin d&rsquo;un d\u00e9veloppeur de produits [&hellip;]","og_url":"https:\/\/atmoz.design\/fr\/contact\/","og_site_name":"ATMOZ","article_modified_time":"2024-11-12T10:27:38+00:00","og_image":[{"width":697,"height":524,"url":"https:\/\/atmoz.design\/wp-content\/uploads\/2024\/09\/Mission.webp","type":"image\/webp"}],"twitter_card":"summary_large_image","twitter_misc":{"Dur\u00e9e de lecture estim\u00e9e":"1 minute"},"schema":{"@context":"https:\/\/schema.org","@graph":[{"@type":"WebPage","@id":"https:\/\/atmoz.design\/contact\/","url":"https:\/\/atmoz.design\/contact\/","name":"contact | ATMOZ","isPartOf":{"@id":"https:\/\/atmoz.design\/fr\/#website"},"primaryImageOfPage":{"@id":"https:\/\/atmoz.design\/contact\/#primaryimage"},"image":{"@id":"https:\/\/atmoz.design\/contact\/#primaryimage"},"thumbnailUrl":"https:\/\/atmoz.design\/wp-content\/uploads\/2024\/09\/Mission.webp","datePublished":"2024-09-23T10:26:32+00:00","dateModified":"2024-11-12T10:27:38+00:00","breadcrumb":{"@id":"https:\/\/atmoz.design\/contact\/#breadcrumb"},"inLanguage":"fr-FR","potentialAction":[{"@type":"ReadAction","target":["https:\/\/atmoz.design\/contact\/"]}]},{"@type":"ImageObject","inLanguage":"fr-FR","@id":"https:\/\/atmoz.design\/contact\/#primaryimage","url":"https:\/\/atmoz.design\/wp-content\/uploads\/2024\/09\/Mission.webp","contentUrl":"https:\/\/atmoz.design\/wp-content\/uploads\/2024\/09\/Mission.webp","width":697,"height":524},{"@type":"BreadcrumbList","@id":"https:\/\/atmoz.design\/contact\/#breadcrumb","itemListElement":[{"@type":"ListItem","position":1,"name":"Accueil","item":"https:\/\/atmoz.design\/"},{"@type":"ListItem","position":2,"name":"contact"}]},{"@type":"WebSite","@id":"https:\/\/atmoz.design\/fr\/#website","url":"https:\/\/atmoz.design\/fr\/","name":"ATMOZ Oxygen Design","description":"AtmOz Oxygen Design - Developpement Produit, Design &amp; Ing\u00e9nierie","publisher":{"@id":"https:\/\/atmoz.design\/fr\/#organization"},"potentialAction":[{"@type":"SearchAction","target":{"@type":"EntryPoint","urlTemplate":"https:\/\/atmoz.design\/fr\/?s={search_term_string}"},"query-input":{"@type":"PropertyValueSpecification","valueRequired":true,"valueName":"search_term_string"}}],"inLanguage":"fr-FR"},{"@type":"Organization","@id":"https:\/\/atmoz.design\/fr\/#organization","name":"AtmOz Oxygen Design","alternateName":"AtmOz","url":"https:\/\/atmoz.design\/fr\/","logo":{"@type":"ImageObject","inLanguage":"fr-FR","@id":"https:\/\/atmoz.design\/fr\/#\/schema\/logo\/image\/","url":"https:\/\/atmoz.design\/wp-content\/uploads\/2024\/09\/Logo@2x.png","contentUrl":"https:\/\/atmoz.design\/wp-content\/uploads\/2024\/09\/Logo@2x.png","width":928,"height":928,"caption":"AtmOz Oxygen Design"},"image":{"@id":"https:\/\/atmoz.design\/fr\/#\/schema\/logo\/image\/"},"sameAs":["https:\/\/www.linkedin.com\/company\/atmoz-oxygen-design\/","https:\/\/www.instagram.com\/atmoz.design\/"]}]}},"_links":{"self":[{"href":"https:\/\/atmoz.design\/fr\/wp-json\/wp\/v2\/pages\/5380","targetHints":{"allow":["GET"]}}],"collection":[{"href":"https:\/\/atmoz.design\/fr\/wp-json\/wp\/v2\/pages"}],"about":[{"href":"https:\/\/atmoz.design\/fr\/wp-json\/wp\/v2\/types\/page"}],"author":[{"embeddable":true,"href":"https:\/\/atmoz.design\/fr\/wp-json\/wp\/v2\/users\/1"}],"replies":[{"embeddable":true,"href":"https:\/\/atmoz.design\/fr\/wp-json\/wp\/v2\/comments?post=5380"}],"version-history":[{"count":0,"href":"https:\/\/atmoz.design\/fr\/wp-json\/wp\/v2\/pages\/5380\/revisions"}],"wp:featuredmedia":[{"embeddable":true,"href":"https:\/\/atmoz.design\/fr\/wp-json\/wp\/v2\/media\/5614"}],"wp:attachment":[{"href":"https:\/\/atmoz.design\/fr\/wp-json\/wp\/v2\/media?parent=5380"}],"curies":[{"name":"wp","href":"https:\/\/api.w.org\/{rel}","templated":true}]}}